{"id":29,"date":"2018-08-31T16:32:07","date_gmt":"2018-08-31T16:32:07","guid":{"rendered":"http:\/\/oratorium-ingolstadt.de\/?page_id=29"},"modified":"2023-01-10T14:21:12","modified_gmt":"2023-01-10T14:21:12","slug":"geistliches-leben","status":"publish","type":"page","link":"https:\/\/oratorium-ingolstadt.de\/?page_id=29","title":{"rendered":"Geistliches Leben"},"content":{"rendered":"<p>Derzeit sieht unser gemeinsamer Tag so aus:<\/p>\n<p>Wir beginnen um 6.30 Uhr in der Kapelle des Canisiuskonvikts mit dem Engel des Herrn, gefolgt von einer halben Stunde stillen, inneren Gebets. Es schlie\u00dfen sich die Laudes an, die mit einem viertelst\u00fcndigen Bibelgespr\u00e4ch enden.<\/p>\n<p>Nach einem gemeinsamen Fr\u00fchst\u00fcck geht jeder seinen Aufgaben nach.<\/p>\n<p>Abends treffen wir der Reihe nach in der K\u00fcche ein. Um 21.00 Uhr endet der Tag mit einer Zeit des stillen Gebets, des Danks und der Komplet.<\/p>\n<p>Freitags halten wir eine Stunde stiller Anbetung um 15 Uhr in St. Josef Ingolstadt um geistliche Berufungen und Aufbau unserer Gemeinschaft.<\/p>\n<p>In unserem Kleinen Oratorium lesen und diskutieren wir Texte aus der oratorianischen Literatur.<\/p>\n<p>Neuerdings zelebriert P. Lorenz samstags um 8.00 Uhr die Heilige Messe in der Au\u00dferordentlichen Form des R\u00f6mischen Ritus.<\/p>\n","protected":false},"excerpt":{"rendered":"<p>Derzeit sieht unser gemeinsamer Tag so aus: Wir beginnen um 6.30 Uhr in der Kapelle des Canisiuskonvikts mit dem Engel des Herrn, gefolgt von einer halben Stunde stillen, inneren Gebets.&hellip; <\/p>\n","protected":false},"author":1,"featured_media":0,"parent":0,"menu_order":0,"comment_status":"closed","ping_status":"closed","template":"","meta":{"footnotes":""},"_links":{"self":[{"href":"https:\/\/oratorium-ingolstadt.de\/index.php?rest_route=\/wp\/v2\/pages\/29"}],"collection":[{"href":"https:\/\/oratorium-ingolstadt.de\/index.php?rest_route=\/wp\/v2\/pages"}],"about":[{"href":"https:\/\/oratorium-ingolstadt.de\/index.php?rest_route=\/wp\/v2\/types\/page"}],"author":[{"embeddable":true,"href":"https:\/\/oratorium-ingolstadt.de\/index.php?rest_route=\/wp\/v2\/users\/1"}],"replies":[{"embeddable":true,"href":"https:\/\/oratorium-ingolstadt.de\/index.php?rest_route=%2Fwp%2Fv2%2Fcomments&post=29"}],"version-history":[{"count":7,"href":"https:\/\/oratorium-ingolstadt.de\/index.php?rest_route=\/wp\/v2\/pages\/29\/revisions"}],"predecessor-version":[{"id":680,"href":"https:\/\/oratorium-ingolstadt.de\/index.php?rest_route=\/wp\/v2\/pages\/29\/revisions\/680"}],"wp:attachment":[{"href":"https:\/\/oratorium-ingolstadt.de\/index.php?rest_route=%2Fwp%2Fv2%2Fmedia&parent=29"}],"curies":[{"name":"wp","href":"https:\/\/api.w.org\/{rel}","templated":true}]}}