{"id":30,"date":"2018-08-31T16:32:07","date_gmt":"2018-08-31T16:32:07","guid":{"rendered":"http:\/\/oratorium-ingolstadt.de\/?page_id=30"},"modified":"2022-11-29T15:07:02","modified_gmt":"2022-11-29T15:07:02","slug":"mitglieder","status":"publish","type":"page","link":"https:\/\/oratorium-ingolstadt.de\/?page_id=30","title":{"rendered":"Mitglieder"},"content":{"rendered":"<p><strong><img loading=\"lazy\" decoding=\"async\" class=\"alignnone size-large wp-image-624\" src=\"http:\/\/oratorium-ingolstadt.de\/wp-content\/uploads\/2022\/11\/Gruppenfoto-Willkommensseite-1024x684.jpg\" alt=\"\" width=\"780\" height=\"521\" srcset=\"https:\/\/oratorium-ingolstadt.de\/wp-content\/uploads\/2022\/11\/Gruppenfoto-Willkommensseite-1024x684.jpg 1024w, https:\/\/oratorium-ingolstadt.de\/wp-content\/uploads\/2022\/11\/Gruppenfoto-Willkommensseite-300x200.jpg 300w, https:\/\/oratorium-ingolstadt.de\/wp-content\/uploads\/2022\/11\/Gruppenfoto-Willkommensseite-768x513.jpg 768w, https:\/\/oratorium-ingolstadt.de\/wp-content\/uploads\/2022\/11\/Gruppenfoto-Willkommensseite-1536x1025.jpg 1536w, https:\/\/oratorium-ingolstadt.de\/wp-content\/uploads\/2022\/11\/Gruppenfoto-Willkommensseite-2048x1367.jpg 2048w\" sizes=\"(max-width: 780px) 100vw, 780px\" \/><\/strong><\/p>\n<hr \/>\n<p><strong>P.\u00a0 Dr. Lorenz Gadient<\/strong>,\u00a0geboren 1959 in Luzern, macht unsere Gemeinschaft international und musikalisch.\u00a0Seit 1995 geht er mit der Idee des Oratoriums schwanger.<\/p>\n<p>Er studierte neben katholischer Theologie auch vier Jahre Kirchenmusik und ist unser Spezialist f\u00fcr Alte Musik (diverse historische Instrumente vorhanden) und den gem\u00e4chlichen schweizer Taktschlag.<\/p>\n<p>Nach seinem Promotionsstudium in M\u00fcnchen war er 7 Jahre Spiritual des Priesterseminars Eichst\u00e4tt, bevor er 2009 zum Klinikpfarrer in Ingolstadt berufen wurde. Derzeit arbeitet er als Pfarrvikar in den Pfarreien St. Konrad und St. Josef.<\/p>\n<hr \/>\n<p><strong>P. Ralph Heiligtag<\/strong>, geboren 1974 in Bamberg, Leiter der Cityseelsorge und Kaplan der M\u00fcnsterpfarrei.<\/p>\n<p>Nach bewegten Jahren auf der B\u00fchne besingt er nun in der Liturgie die Sch\u00f6nheit der Sch\u00f6pfung Gottes, schwingt den Kochl\u00f6ffel und h\u00e4lt auch mal die Bohrmaschine in der Hand.<\/p>\n<hr \/>\n<p><strong>P. Hubert Gerauer<\/strong>,\u00a0geboren 1981 in Landshut, macht die Gemeinschaft noch gr\u00f6\u00dfer (1,96m!).<\/p>\n<p>Als Vikar wirkt in der M\u00fcnsterpfarrei Ingolstadt und im Ingolst\u00e4dter Klinikum. Neben sportlichen Hobbies (Schwimmen) hat er auch eine Liebe f\u00fcr die hebr\u00e4ische Sprache.<\/p>\n","protected":false},"excerpt":{"rendered":"<p>P.\u00a0 Dr. Lorenz Gadient,\u00a0geboren 1959 in Luzern, macht unsere Gemeinschaft international und musikalisch.\u00a0Seit 1995 geht er mit der Idee des Oratoriums schwanger. Er studierte neben katholischer Theologie auch vier Jahre&hellip; <\/p>\n","protected":false},"author":1,"featured_media":608,"parent":0,"menu_order":0,"comment_status":"closed","ping_status":"closed","template":"","meta":{"footnotes":""},"_links":{"self":[{"href":"https:\/\/oratorium-ingolstadt.de\/index.php?rest_route=\/wp\/v2\/pages\/30"}],"collection":[{"href":"https:\/\/oratorium-ingolstadt.de\/index.php?rest_route=\/wp\/v2\/pages"}],"about":[{"href":"https:\/\/oratorium-ingolstadt.de\/index.php?rest_route=\/wp\/v2\/types\/page"}],"author":[{"embeddable":true,"href":"https:\/\/oratorium-ingolstadt.de\/index.php?rest_route=\/wp\/v2\/users\/1"}],"replies":[{"embeddable":true,"href":"https:\/\/oratorium-ingolstadt.de\/index.php?rest_route=%2Fwp%2Fv2%2Fcomments&post=30"}],"version-history":[{"count":7,"href":"https:\/\/oratorium-ingolstadt.de\/index.php?rest_route=\/wp\/v2\/pages\/30\/revisions"}],"predecessor-version":[{"id":660,"href":"https:\/\/oratorium-ingolstadt.de\/index.php?rest_route=\/wp\/v2\/pages\/30\/revisions\/660"}],"wp:featuredmedia":[{"embeddable":true,"href":"https:\/\/oratorium-ingolstadt.de\/index.php?rest_route=\/wp\/v2\/media\/608"}],"wp:attachment":[{"href":"https:\/\/oratorium-ingolstadt.de\/index.php?rest_route=%2Fwp%2Fv2%2Fmedia&parent=30"}],"curies":[{"name":"wp","href":"https:\/\/api.w.org\/{rel}","templated":true}]}}